{"id":100545,"date":"2024-10-21T18:55:19","date_gmt":"2024-10-21T17:55:19","guid":{"rendered":"https:\/\/campbendixen.dk\/kontakt-us\/"},"modified":"2025-05-22T10:52:10","modified_gmt":"2025-05-22T09:52:10","slug":"kontakt-us","status":"publish","type":"page","link":"https:\/\/campbendixen.dk\/de\/kontakt-us\/","title":{"rendered":"KONTAKT US"},"content":{"rendered":"<p>[et_pb_section fb_built=&#8220;1&#8243; module_id=&#8220;sec-bg&#8220; _builder_version=&#8220;4.27.4&#8243; _module_preset=&#8220;default&#8220; background_image=&#8220;https:\/\/campbendixen.dk\/wp-content\/uploads\/2025\/04\/ESC_CAMPLIFE-2553-2-1.jpg&#8220; background_position=&#8220;bottom_left&#8220; background_enable_video_mp4=&#8220;off&#8220; min_height_tablet=&#8220;350px&#8220; min_height_phone=&#8220;350px&#8220; min_height_last_edited=&#8220;on|phone&#8220; height=&#8220;550px&#8220; height_tablet=&#8220;400px&#8220; height_phone=&#8220;400px&#8220; height_last_edited=&#8220;on|tablet&#8220; border_width_bottom=&#8220;10px&#8220; border_color_bottom=&#8220;gcid-7ce7b00a-a0f7-4559-8af2-0adef5afd391&#8243; global_colors_info=&#8220;{%22gcid-7ce7b00a-a0f7-4559-8af2-0adef5afd391%22:%91%22border_color_bottom%22%93}&#8220;][et_pb_row _builder_version=&#8220;4.17.3&#8243; _module_preset=&#8220;default&#8220; custom_padding=&#8220;||0px||false|false&#8220; global_colors_info=&#8220;{}&#8220;][et_pb_column type=&#8220;4_4&#8243; _builder_version=&#8220;4.17.3&#8243; _module_preset=&#8220;default&#8220; global_colors_info=&#8220;{}&#8220;][et_pb_text _builder_version=&#8220;4.24.0&#8243; _module_preset=&#8220;default&#8220; text_font=&#8220;|700||on|||||&#8220; text_text_color=&#8220;gcid-7ce7b00a-a0f7-4559-8af2-0adef5afd391&#8243; text_font_size=&#8220;15px&#8220; custom_margin=&#8220;||2px|2px|false|false&#8220; global_colors_info=&#8220;{%22gcid-7ce7b00a-a0f7-4559-8af2-0adef5afd391%22:%91%22text_text_color%22%93}&#8220;]<\/p>\n<p>Wir sind bereit f\u00fcr Ihren n\u00e4chsten Besuch<\/p>\n<p>[\/et_pb_text][et_pb_text _builder_version=&#8220;4.17.3&#8243; _module_preset=&#8220;default&#8220; header_font=&#8220;||||||||&#8220; header_text_color=&#8220;#FFFFFF&#8220; header_font_size=&#8220;60px&#8220; header_2_text_color=&#8220;#FFFFFF&#8220; custom_margin=&#8220;||0px||false|false&#8220; global_colors_info=&#8220;{}&#8220;]<\/p>\n<h1>Kontaktieren Sie uns<\/h1>\n<p>[\/et_pb_text][\/et_pb_column][\/et_pb_row][et_pb_row _builder_version=&#8220;4.17.3&#8243; _module_preset=&#8220;default&#8220; custom_padding=&#8220;0px||||false|false&#8220; global_colors_info=&#8220;{}&#8220;][et_pb_column type=&#8220;4_4&#8243; _builder_version=&#8220;4.17.3&#8243; _module_preset=&#8220;default&#8220; global_colors_info=&#8220;{}&#8220;][et_pb_divider color=&#8220;gcid-7ce7b00a-a0f7-4559-8af2-0adef5afd391&#8243; _builder_version=&#8220;4.17.3&#8243; _module_preset=&#8220;default&#8220; height=&#8220;0px&#8220; custom_margin=&#8220;||0px||false|false&#8220; custom_padding=&#8220;||||false|false&#8220; global_colors_info=&#8220;{%22gcid-7ce7b00a-a0f7-4559-8af2-0adef5afd391%22:%91%22border_color_right%22,%22color%22%93}&#8220;][\/et_pb_divider][et_pb_divider show_divider=&#8220;off&#8220; admin_label=&#8220;Point right bottom&#8220; module_class=&#8220;dot-right-bottom sub-page-dot&#8220; _builder_version=&#8220;4.17.3&#8243; _module_preset=&#8220;default&#8220; height=&#8220;25px&#8220; border_width_right=&#8220;1px&#8220; border_color_right=&#8220;gcid-7ce7b00a-a0f7-4559-8af2-0adef5afd391&#8243; global_colors_info=&#8220;{%22gcid-7ce7b00a-a0f7-4559-8af2-0adef5afd391%22:%91%22border_color_right%22%93}&#8220;][\/et_pb_divider][\/et_pb_column][\/et_pb_row][\/et_pb_section][et_pb_section fb_built=&#8220;1&#8243; _builder_version=&#8220;4.17.3&#8243; _module_preset=&#8220;default&#8220; custom_padding=&#8220;||0px||false|false&#8220; global_colors_info=&#8220;{}&#8220;][et_pb_row column_structure=&#8220;1_3,1_3,1_3&#8243; _builder_version=&#8220;4.17.3&#8243; _module_preset=&#8220;default&#8220; custom_padding=&#8220;||50px||false|false&#8220; border_width_bottom=&#8220;5px&#8220; border_color_bottom=&#8220;gcid-7ce7b00a-a0f7-4559-8af2-0adef5afd391&#8243; global_colors_info=&#8220;{%22gcid-7ce7b00a-a0f7-4559-8af2-0adef5afd391%22:%91%22border_color_bottom%22%93}&#8220;][et_pb_column type=&#8220;1_3&#8243; _builder_version=&#8220;4.17.3&#8243; _module_preset=&#8220;default&#8220; global_colors_info=&#8220;{}&#8220;][et_pb_blurb title=&#8220;Ebeltoft Strand Camping&#8220; use_icon=&#8220;on&#8220; font_icon=&#8220;&#xe081;||divi||400&#8243; icon_color=&#8220;gcid-7ce7b00a-a0f7-4559-8af2-0adef5afd391&#8243; icon_placement=&#8220;left&#8220; image_icon_width=&#8220;24px&#8220; _builder_version=&#8220;4.24.0&#8243; _module_preset=&#8220;default&#8220; image_icon_custom_margin=&#8220;|||8px|false|false&#8220; animation=&#8220;off&#8220; global_colors_info=&#8220;{%22gcid-7ce7b00a-a0f7-4559-8af2-0adef5afd391%22:%91%22icon_color%22%93}&#8220;]<\/p>\n<p>Ndr. Strandvej 23,<br \/>8400 Ebeltoft, D\u00e4nemark <\/p>\n<p>[\/et_pb_blurb][\/et_pb_column][et_pb_column type=&#8220;1_3&#8243; _builder_version=&#8220;4.17.3&#8243; _module_preset=&#8220;default&#8220; global_colors_info=&#8220;{}&#8220;][et_pb_blurb title=&#8220;Esbjerg Camping&#8220; use_icon=&#8220;on&#8220; font_icon=&#8220;&#xe081;||divi||400&#8243; icon_color=&#8220;gcid-7ce7b00a-a0f7-4559-8af2-0adef5afd391&#8243; icon_placement=&#8220;left&#8220; image_icon_width=&#8220;24px&#8220; _builder_version=&#8220;4.24.0&#8243; _module_preset=&#8220;default&#8220; image_icon_custom_margin=&#8220;|||8px|false|false&#8220; animation=&#8220;off&#8220; global_colors_info=&#8220;{%22gcid-7ce7b00a-a0f7-4559-8af2-0adef5afd391%22:%91%22icon_color%22%93}&#8220;]<\/p>\n<p>Guden\u00e5vej 20,<br \/>6710 Esbjerg V, D\u00e4nemark<\/p>\n<p>[\/et_pb_blurb][\/et_pb_column][et_pb_column type=&#8220;1_3&#8243; _builder_version=&#8220;4.17.3&#8243; _module_preset=&#8220;default&#8220; global_colors_info=&#8220;{}&#8220;][et_pb_blurb title=&#8220;Mols Bjerge Camping&#8220; use_icon=&#8220;on&#8220; font_icon=&#8220;&#xe081;||divi||400&#8243; icon_color=&#8220;gcid-7ce7b00a-a0f7-4559-8af2-0adef5afd391&#8243; icon_placement=&#8220;left&#8220; image_icon_width=&#8220;24px&#8220; _builder_version=&#8220;4.27.3&#8243; _module_preset=&#8220;default&#8220; image_icon_custom_margin=&#8220;|||8px|false|false&#8220; animation=&#8220;off&#8220; global_colors_info=&#8220;{%22gcid-7ce7b00a-a0f7-4559-8af2-0adef5afd391%22:%91%22icon_color%22%93}&#8220;]<\/p>\n<p>Gammel K\u00e6rvej 18,<br \/>8400 Ebeltoft, D\u00e4nemark<\/p>\n<p>[\/et_pb_blurb][\/et_pb_column][\/et_pb_row][\/et_pb_section][et_pb_section fb_built=&#8220;1&#8243; _builder_version=&#8220;4.17.3&#8243; _module_preset=&#8220;default&#8220; custom_padding=&#8220;25px||||false|false&#8220; global_colors_info=&#8220;{}&#8220;][et_pb_row column_structure=&#8220;1_2,1_2&#8243; _builder_version=&#8220;4.27.3&#8243; _module_preset=&#8220;default&#8220; global_colors_info=&#8220;{}&#8220;][et_pb_column type=&#8220;1_2&#8243; _builder_version=&#8220;4.17.3&#8243; _module_preset=&#8220;default&#8220; global_colors_info=&#8220;{}&#8220;][et_pb_text _builder_version=&#8220;4.24.0&#8243; _module_preset=&#8220;default&#8220; global_colors_info=&#8220;{}&#8220;]<\/p>\n<h2>Senden Sie uns eine Nachricht<\/h2>\n<p>[\/et_pb_text][et_pb_text _builder_version=&#8220;4.24.0&#8243; _module_preset=&#8220;default&#8220; global_colors_info=&#8220;{}&#8220;]<\/p>\n<p>Haben Sie Fragen zu einem unserer Stellpl\u00e4tze oder suchen Sie Rat, welcher Stellplatz der richtige f\u00fcr Sie ist?  <\/p>\n<p>Senden Sie uns eine Nachricht \u00fcber das Kontaktformular auf dieser Seite und wir werden uns so schnell wie m\u00f6glich bei Ihnen melden.<\/p>\n<p>[\/et_pb_text][\/et_pb_column][et_pb_column type=&#8220;1_2&#8243; _builder_version=&#8220;4.27.3&#8243; _module_preset=&#8220;default&#8220; background_color=&#8220;rgba(10,10,10,0.1)&#8220; custom_padding=&#8220;50px|50px|50px|50px|true|true&#8220; border_radii=&#8220;on|7px|7px|7px|7px&#8220; box_shadow_style=&#8220;preset1&#8243; global_colors_info=&#8220;{}&#8220;][et_pb_contact_form email=&#8220;rikke@campbendixen.dk&#8220; custom_message=&#8220;Hej i receptionen||et_pb_line_break_holder||||et_pb_line_break_holder||Der er en ny henvendelse fra kontaktformularen p\u00e5 Kontakt Os p\u00e5 campbendixen.dk &#8211; Tysk||et_pb_line_break_holder||||et_pb_line_break_holder||Beskeden er fra %%Name%%||et_pb_line_break_holder||Vedkommende har email %%Email%%||et_pb_line_break_holder||||et_pb_line_break_holder||Og beskeden er som f\u00f8lger.||et_pb_line_break_holder||%%Message%%&#8220; success_message=&#8220;Wir haben Ihre Nachricht erhalten und werden Ihnen so schnell wie m\u00f6glich antworten.&#8220; submit_button_text=&#8220;Senden Sie&#8220; _builder_version=&#8220;4.27.4&#8243; _module_preset=&#8220;default&#8220; _unique_id=&#8220;6be61724-933e-4ace-977b-3ea8e979db91&#8243; form_field_background_color=&#8220;rgba(255,255,255,0.05)&#8220; form_field_text_color=&#8220;#000000&#8243; captcha_text_color=&#8220;#000000&#8243; form_field_font=&#8220;|700|||||||&#8220; custom_button=&#8220;on&#8220; button_text_size=&#8220;16px&#8220; button_text_color=&#8220;#FFFFFF&#8220; button_bg_color=&#8220;gcid-7ce7b00a-a0f7-4559-8af2-0adef5afd391&#8243; button_border_width=&#8220;0px&#8220; button_border_radius=&#8220;5px&#8220; button_letter_spacing=&#8220;0px&#8220; button_use_icon=&#8220;off&#8220; hover_enabled=&#8220;0&#8243; border_radii=&#8220;on|7px|7px|7px|7px&#8220; border_width_all=&#8220;1px&#8220; border_color_bottom=&#8220;gcid-7ce7b00a-a0f7-4559-8af2-0adef5afd391&#8243; global_colors_info=&#8220;{%22gcid-7ce7b00a-a0f7-4559-8af2-0adef5afd391%22:%91%22border_color_bottom%22,%22button_bg_color%22%93}&#8220; sticky_enabled=&#8220;0&#8243;][et_pb_contact_field field_id=&#8220;Name&#8220; field_title=&#8220;Name&#8220; fullwidth_field=&#8220;on&#8220; _builder_version=&#8220;4.27.3&#8243; global_colors_info=&#8220;{}&#8220; button_text_size__hover_enabled=&#8220;off&#8220; button_one_text_size__hover_enabled=&#8220;off&#8220; button_two_text_size__hover_enabled=&#8220;off&#8220; button_text_color__hover_enabled=&#8220;off&#8220; button_one_text_color__hover_enabled=&#8220;off&#8220; button_two_text_color__hover_enabled=&#8220;off&#8220; button_border_width__hover_enabled=&#8220;off&#8220; button_one_border_width__hover_enabled=&#8220;off&#8220; button_two_border_width__hover_enabled=&#8220;off&#8220; button_border_color__hover_enabled=&#8220;off&#8220; button_one_border_color__hover_enabled=&#8220;off&#8220; button_two_border_color__hover_enabled=&#8220;off&#8220; button_border_radius__hover_enabled=&#8220;off&#8220; button_one_border_radius__hover_enabled=&#8220;off&#8220; button_two_border_radius__hover_enabled=&#8220;off&#8220; button_letter_spacing__hover_enabled=&#8220;off&#8220; button_one_letter_spacing__hover_enabled=&#8220;off&#8220; button_two_letter_spacing__hover_enabled=&#8220;off&#8220; button_bg_color__hover_enabled=&#8220;off&#8220; button_one_bg_color__hover_enabled=&#8220;off&#8220; button_two_bg_color__hover_enabled=&#8220;off&#8220;][\/et_pb_contact_field][et_pb_contact_field field_id=&#8220;Email&#8220; field_title=&#8220;E-Mail Adresse&#8220; field_type=&#8220;email&#8220; fullwidth_field=&#8220;on&#8220; _builder_version=&#8220;4.27.3&#8243; global_colors_info=&#8220;{}&#8220; button_text_size__hover_enabled=&#8220;off&#8220; button_one_text_size__hover_enabled=&#8220;off&#8220; button_two_text_size__hover_enabled=&#8220;off&#8220; button_text_color__hover_enabled=&#8220;off&#8220; button_one_text_color__hover_enabled=&#8220;off&#8220; button_two_text_color__hover_enabled=&#8220;off&#8220; button_border_width__hover_enabled=&#8220;off&#8220; button_one_border_width__hover_enabled=&#8220;off&#8220; button_two_border_width__hover_enabled=&#8220;off&#8220; button_border_color__hover_enabled=&#8220;off&#8220; button_one_border_color__hover_enabled=&#8220;off&#8220; button_two_border_color__hover_enabled=&#8220;off&#8220; button_border_radius__hover_enabled=&#8220;off&#8220; button_one_border_radius__hover_enabled=&#8220;off&#8220; button_two_border_radius__hover_enabled=&#8220;off&#8220; button_letter_spacing__hover_enabled=&#8220;off&#8220; button_one_letter_spacing__hover_enabled=&#8220;off&#8220; button_two_letter_spacing__hover_enabled=&#8220;off&#8220; button_bg_color__hover_enabled=&#8220;off&#8220; button_one_bg_color__hover_enabled=&#8220;off&#8220; button_two_bg_color__hover_enabled=&#8220;off&#8220;][\/et_pb_contact_field][et_pb_contact_field field_id=&#8220;Message&#8220; field_title=&#8220;Nachricht&#8220; field_type=&#8220;text&#8220; fullwidth_field=&#8220;on&#8220; _builder_version=&#8220;4.27.3&#8243; global_colors_info=&#8220;{}&#8220; button_text_size__hover_enabled=&#8220;off&#8220; button_one_text_size__hover_enabled=&#8220;off&#8220; button_two_text_size__hover_enabled=&#8220;off&#8220; button_text_color__hover_enabled=&#8220;off&#8220; button_one_text_color__hover_enabled=&#8220;off&#8220; button_two_text_color__hover_enabled=&#8220;off&#8220; button_border_width__hover_enabled=&#8220;off&#8220; button_one_border_width__hover_enabled=&#8220;off&#8220; button_two_border_width__hover_enabled=&#8220;off&#8220; button_border_color__hover_enabled=&#8220;off&#8220; button_one_border_color__hover_enabled=&#8220;off&#8220; button_two_border_color__hover_enabled=&#8220;off&#8220; button_border_radius__hover_enabled=&#8220;off&#8220; button_one_border_radius__hover_enabled=&#8220;off&#8220; button_two_border_radius__hover_enabled=&#8220;off&#8220; button_letter_spacing__hover_enabled=&#8220;off&#8220; button_one_letter_spacing__hover_enabled=&#8220;off&#8220; button_two_letter_spacing__hover_enabled=&#8220;off&#8220; button_bg_color__hover_enabled=&#8220;off&#8220; button_one_bg_color__hover_enabled=&#8220;off&#8220; button_two_bg_color__hover_enabled=&#8220;off&#8220;][\/et_pb_contact_field][\/et_pb_contact_form][\/et_pb_column][\/et_pb_row][\/et_pb_section]<\/p>\n","protected":false},"excerpt":{"rendered":"<p>Wir sind bereit f\u00fcr Ihren n\u00e4chsten BesuchKontaktieren Sie unsNdr. Strandvej 23,8400 Ebeltoft, D\u00e4nemark Guden\u00e5vej 20,6710 Esbjerg V, D\u00e4nemarkGammel K\u00e6rvej 18,8400 Ebeltoft, D\u00e4nemarkSenden Sie uns eine NachrichtHaben Sie Fragen zu einem unserer Stellpl\u00e4tze oder suchen Sie Rat, welcher Stellplatz der richtige f\u00fcr Sie ist? Senden Sie uns eine Nachricht \u00fcber das Kontaktformular auf dieser Seite und [&hellip;]<\/p>\n","protected":false},"author":1,"featured_media":0,"parent":0,"menu_order":0,"comment_status":"closed","ping_status":"closed","template":"","meta":{"_et_pb_use_builder":"on","_et_pb_old_content":"","_et_gb_content_width":"","footnotes":""},"folder":[],"class_list":["post-100545","page","type-page","status-publish","hentry"],"_links":{"self":[{"href":"https:\/\/campbendixen.dk\/de\/wp-json\/wp\/v2\/pages\/100545","targetHints":{"allow":["GET"]}}],"collection":[{"href":"https:\/\/campbendixen.dk\/de\/wp-json\/wp\/v2\/pages"}],"about":[{"href":"https:\/\/campbendixen.dk\/de\/wp-json\/wp\/v2\/types\/page"}],"author":[{"embeddable":true,"href":"https:\/\/campbendixen.dk\/de\/wp-json\/wp\/v2\/users\/1"}],"replies":[{"embeddable":true,"href":"https:\/\/campbendixen.dk\/de\/wp-json\/wp\/v2\/comments?post=100545"}],"version-history":[{"count":1,"href":"https:\/\/campbendixen.dk\/de\/wp-json\/wp\/v2\/pages\/100545\/revisions"}],"predecessor-version":[{"id":100800,"href":"https:\/\/campbendixen.dk\/de\/wp-json\/wp\/v2\/pages\/100545\/revisions\/100800"}],"wp:attachment":[{"href":"https:\/\/campbendixen.dk\/de\/wp-json\/wp\/v2\/media?parent=100545"}],"wp:term":[{"taxonomy":"folder","embeddable":true,"href":"https:\/\/campbendixen.dk\/de\/wp-json\/wp\/v2\/folder?post=100545"}],"curies":[{"name":"wp","href":"https:\/\/api.w.org\/{rel}","templated":true}]}}